{"id":25,"date":"2016-02-08T17:22:51","date_gmt":"2016-02-08T17:22:51","guid":{"rendered":"http:\/\/scubi.stade.net\/?page_id=25"},"modified":"2024-06-04T09:58:11","modified_gmt":"2024-06-04T07:58:11","slug":"unsere-angebote","status":"publish","type":"page","link":"https:\/\/scubi.stade.net\/?page_id=25","title":{"rendered":"Angebote"},"content":{"rendered":" <p> Wir bieten Schnorchel- und Tauchausbildungen f\u00fcr Kinder und Jugendliche an. <\/p> \n <p> Die Kinderkurse findet ihr unter <a href=\"https:\/\/scubi.stade.net\/?page_id=65\">Otter und Robbe<\/a>. <\/p> \n <p> <strong>F\u00dcR DIE JUGENDLICHEN ( ab 8 Jahren )<\/strong> <\/p> \n\n\n<ul class=\"wp-block-list\">\n<li>KTSA * (Bronze)<\/li>\n\n\n\n<li>KTSA ** (Silber)<\/li>\n\n\n\n<li>KTSA *** (Gold)<\/li>\n\n\n\n<li>KTSA Junior Apnoe *<\/li>\n\n\n\n<li>KTSA Junior Apnoe **<\/li>\n\n\n\n<li>KTSA Junior Apnoe ***<\/li>\n\n\n\n<li>Kinderspezialkurs: Tarieren<\/li>\n\n\n\n<li>Kinderspezialkurs: Lebensraum Wasser<\/li>\n\n\n\n<li>Kinderspezialkurs: Gruppentauchen<\/li>\n\n\n\n<li>Kinderspezialkurs: Orientierung<\/li>\n\n\n\n<li>Kinderspezialkurs: Boot I<\/li>\n\n\n\n<li>Kinderspezialkurs: Boot II<\/li>\n<\/ul>\n\n\n <p> Weitere Infos zu den Kursen findet ihr unter <a href=\"https:\/\/scubi.stade.net\/?page_id=56\">Ausbildung<\/a>. <\/p> \n <p> <strong> F\u00dcR DIE ERWACHSENEN<\/strong> <\/p> \n\n\n<ul class=\"wp-block-list\">\n<li>DTSA\/CMAS * (inkl. DTSA Grundttauchschein in der Ausbildung)<\/li>\n\n\n\n<li>DTSA\/CMAS **<\/li>\n\n\n\n<li>DTSA\/CMAS ***<\/li>\n\n\n\n<li>DTSA\/CMAS ****<\/li>\n\n\n\n<li>DTSA\/CMAS Nitrox *<\/li>\n\n\n\n<li>DTSA Apnoe Streckentauchen *<\/li>\n\n\n\n<li>DTSA Apnoe Tieftauchen *<\/li>\n\n\n\n<li>Aufbaukurs: Herz-Lungen Wiederbelebung<\/li>\n\n\n\n<li>Aufbaukurs: Gruppenf\u00fchrung (Voraussetzung f\u00fcr DTSA\/CMAS **)<\/li>\n\n\n\n<li>Aufbaukurs: Orientierung beim Tauchen (Voraussetzung f\u00fcr DTSA\/CMAS **)<\/li>\n\n\n\n<li>Aufbaukurs: Tauchsicherheit &amp; Rettung (Voraussetzung f\u00fcr DTSA\/CMAS ***)<\/li>\n\n\n\n<li>Aufbaukurs: Nachttauchen (Voraussetzung f\u00fcr DTSA\/CMAS ***)<\/li>\n\n\n\n<li>Aufbaukurs: Medizin-Praxis (Voraussetzung f\u00fcr DTSA\/CMAS TL*)<\/li>\n\n\n\n<li>Sonderkurs: Trockentauchen<\/li>\n\n\n\n<li>Sonderkurs: Str\u00f6mungstauchen<\/li>\n\n\n\n<li>Sonderkurs: Wracktauchen<\/li>\n\n\n\n<li>Aufbaukurs: Probleml\u00f6sungen beim Tauchen (Alternative zu Nachttauchen f\u00fcr DTSA\/CMAS ***)<\/li>\n\n\n\n<li>Sonderkurs: Tiefer Tauchen<\/li>\n<\/ul>\n\n\n <\/p> \n <p> Weitere Infos zu den Kursen findet ihr unter <a href=\"https:\/\/scubi.stade.net\/?page_id=56\">Ausbildung<\/a>. <\/p> \n\n\n <p> <strong>F\u00dcR FORTGESCHRITTENE TAUCHER<\/strong> <\/p> \n\n\n\n<ul class=\"wp-block-list\">\n<li>DTSA\/CMAS Tec Basic<\/li>\n\n\n\n<li>DTSA\/CMAS Nitrox **<\/li>\n\n\n\n<li>Sonderkurs: Tauchfertigkeiten<\/li>\n<\/ul>\n\n\n\n <p> Als VDST Mitglied, \u00fcber den Landesverband Niedersachsen, kann auch an Trimix Kursen teilgenommen werden sowie, als Vorbereitung f\u00fcr alle technischen Kurse, mit Mitgliedern des Vereins technisch getaucht bzw ge\u00fcbt werden. Solltet ihr hierzu Fragen haben, wendet euch an unseren Ausbilder f\u00fcrs Technische <a href=\"mailto:Daniel.Dewald@time-shift.de\">Daniel<\/a>. <\/p> \n\n\n\n <p> Weitere Infos zu den Kursen findet ihr unter <a href=\"https:\/\/scubi.stade.net\/?page_id=56\">Ausbildung<\/a>. <\/p> \n","protected":false},"excerpt":{"rendered":" <p> Wir bieten Schnorchel- und Tauchausbildungen f\u00fcr Kinder und Jugendliche an. Die Kinderkurse findet ihr unter Otter und Robbe. F\u00dcR DIE JUGENDLICHEN ( ab 8 Jahren ) Weitere Infos zu den Kursen findet ihr unter Ausbildung. F\u00dcR DIE ERWACHSENEN Weitere Infos zu den Kursen findet ihr unter Ausbildung. F\u00dcR FORTGESCHRITTENE TAUCHER Als VDST Mitglied, \u00fcber den [&hellip;] <\/p> \n","protected":false},"author":10,"featured_media":0,"parent":0,"menu_order":0,"comment_status":"closed","ping_status":"closed","template":"","meta":{"inline_featured_image":false,"footnotes":""},"class_list":["post-25","page","type-page","status-publish","hentry"],"_links":{"self":[{"href":"https:\/\/scubi.stade.net\/index.php?rest_route=\/wp\/v2\/pages\/25","targetHints":{"allow":["GET"]}}],"collection":[{"href":"https:\/\/scubi.stade.net\/index.php?rest_route=\/wp\/v2\/pages"}],"about":[{"href":"https:\/\/scubi.stade.net\/index.php?rest_route=\/wp\/v2\/types\/page"}],"author":[{"embeddable":true,"href":"https:\/\/scubi.stade.net\/index.php?rest_route=\/wp\/v2\/users\/10"}],"replies":[{"embeddable":true,"href":"https:\/\/scubi.stade.net\/index.php?rest_route=%2Fwp%2Fv2%2Fcomments&post=25"}],"version-history":[{"count":15,"href":"https:\/\/scubi.stade.net\/index.php?rest_route=\/wp\/v2\/pages\/25\/revisions"}],"predecessor-version":[{"id":1861,"href":"https:\/\/scubi.stade.net\/index.php?rest_route=\/wp\/v2\/pages\/25\/revisions\/1861"}],"wp:attachment":[{"href":"https:\/\/scubi.stade.net\/index.php?rest_route=%2Fwp%2Fv2%2Fmedia&parent=25"}],"curies":[{"name":"wp","href":"https:\/\/api.w.org\/{rel}","templated":true}]}}