{"id":31,"date":"2016-02-08T17:23:18","date_gmt":"2016-02-08T17:23:18","guid":{"rendered":"http:\/\/scubi.stade.net\/?page_id=31"},"modified":"2019-05-09T16:56:22","modified_gmt":"2019-05-09T14:56:22","slug":"links","status":"publish","type":"page","link":"https:\/\/scubi.stade.net\/?page_id=31","title":{"rendered":"Links"},"content":{"rendered":"<ul>\n<li><span style=\"color: #0000ff;\"><a style=\"color: #0000ff;\" href=\"https:\/\/www.vdst.de\/\" target=\"_blank\" rel=\"noopener noreferrer\"><span style=\"font-family: Verdana, Arial, Helvetica, sans-serif; font-size: small;\">Verband Deutscher Sporttaucher e.V.<\/span><\/a><\/span><\/li>\n<li><span style=\"color: #0000ff; font-family: Verdana, Arial, Helvetica, sans-serif; font-size: small;\"><a style=\"color: #0000ff;\" href=\"https:\/\/www.diving.at\/\" target=\"_blank\" rel=\"noopener noreferrer\">\u00d6sterreichische Tauchseite mit super Erste &#8211; Hilfe &#8211; Anleitung<\/a><\/span><\/li>\n<li><span style=\"color: #0000ff; font-family: Verdana, Arial, Helvetica, sans-serif; font-size: small;\"><a style=\"color: #0000ff;\" href=\"https:\/\/www.tauchen.de\/\" target=\"_blank\" rel=\"noopener noreferrer\">Tauchen.de<\/a><\/span><\/li>\n<li><span style=\"color: #0000ff; font-family: Verdana, Arial, Helvetica, sans-serif; font-size: small;\"><a style=\"color: #0000ff;\" href=\"https:\/\/www.gtuem.org\/\" target=\"_blank\" rel=\"noopener noreferrer\">Gesellschaft f\u00fcr Tauch- und \u00dcberdruckmedizin<\/a><\/span><\/li>\n<\/ul>\n<p align=\"left\">\n<p align=\"left\"><span style=\"color: #000000; font-family: Verdana, Arial, Helvetica, sans-serif; font-size: xx-small;\"><strong>Disclaimer<\/strong><\/span> <br \/> \n<span style=\"color: #000000;\"><span style=\"font-family: Verdana, Arial, Helvetica, sans-serif; font-size: xx-small;\">Das Landgericht Hamburg hat mit dem Urteil vom 12. Mai 1998 entschieden, dass man durch die Ausbringung eines Links die Inhalte der gelinkten Seite ggf. mit zu verantworten hat. Dies kann, so das LG, nur dadurch verhindert werden, dass man sich ausdr\u00fccklich von diesen Inhalten distanziert. Wir haben auf unserer Page Links zu anderen Seiten im Internet gelegt.F\u00fcr all diese Links gilt: Wir m\u00f6chten ausdr\u00fccklich betonen, dass wir keinerlei Einfluss auf die Gestaltung und die Inhalte dergelinkten Seiten haben. Deshalb distanzieren wir uns hiermit ausdr\u00fccklich von allen Inhalten aller gelinkten Seiten auf unserergesamten Website inkl. aller Unterseiten. Diese Erkl\u00e4rung gilt f\u00fcr alle auf unserer Homepage ausgebrachten Links <\/span><span style=\"font-family: Verdana, Arial, Helvetica, sans-serif; font-size: xx-small;\">und f\u00fcr alle Inhalte der Seiten, zu denen Links oder Banner f\u00fchren.<\/span><\/span> <\/p> \n","protected":false},"excerpt":{"rendered":" <p> Verband Deutscher Sporttaucher e.V. \u00d6sterreichische Tauchseite mit super Erste &#8211; Hilfe &#8211; Anleitung Tauchen.de Gesellschaft f\u00fcr Tauch- und \u00dcberdruckmedizin Disclaimer Das Landgericht Hamburg hat mit dem Urteil vom 12. Mai 1998 entschieden, dass man durch die Ausbringung eines Links die Inhalte der gelinkten Seite ggf. mit zu verantworten hat. Dies kann, so das LG, nur [&hellip;] <\/p> \n","protected":false},"author":10,"featured_media":0,"parent":0,"menu_order":0,"comment_status":"closed","ping_status":"closed","template":"","meta":{"inline_featured_image":false,"footnotes":""},"class_list":["post-31","page","type-page","status-publish","hentry"],"_links":{"self":[{"href":"https:\/\/scubi.stade.net\/index.php?rest_route=\/wp\/v2\/pages\/31","targetHints":{"allow":["GET"]}}],"collection":[{"href":"https:\/\/scubi.stade.net\/index.php?rest_route=\/wp\/v2\/pages"}],"about":[{"href":"https:\/\/scubi.stade.net\/index.php?rest_route=\/wp\/v2\/types\/page"}],"author":[{"embeddable":true,"href":"https:\/\/scubi.stade.net\/index.php?rest_route=\/wp\/v2\/users\/10"}],"replies":[{"embeddable":true,"href":"https:\/\/scubi.stade.net\/index.php?rest_route=%2Fwp%2Fv2%2Fcomments&post=31"}],"version-history":[{"count":4,"href":"https:\/\/scubi.stade.net\/index.php?rest_route=\/wp\/v2\/pages\/31\/revisions"}],"predecessor-version":[{"id":772,"href":"https:\/\/scubi.stade.net\/index.php?rest_route=\/wp\/v2\/pages\/31\/revisions\/772"}],"wp:attachment":[{"href":"https:\/\/scubi.stade.net\/index.php?rest_route=%2Fwp%2Fv2%2Fmedia&parent=31"}],"curies":[{"name":"wp","href":"https:\/\/api.w.org\/{rel}","templated":true}]}}