{"id":47,"date":"2016-02-08T21:33:58","date_gmt":"2016-02-08T20:33:58","guid":{"rendered":"http:\/\/scubi.stade.net\/?page_id=47"},"modified":"2026-03-25T20:40:46","modified_gmt":"2026-03-25T19:40:46","slug":"der-vorstand","status":"publish","type":"page","link":"https:\/\/scubi.stade.net\/?page_id=47","title":{"rendered":"Der Vorstand"},"content":{"rendered":"\n <p> Hauptansprechpartner bei Fragen sind Thomas und Helge, ihr k\u00f6nnt Euch aber auch gerne an jeden anderen aus dem Vorstand wenden. Hier ist die Truppe: <\/p> \n\n\n\n<div style=\"height:20px\" aria-hidden=\"true\" class=\"wp-block-spacer\"><\/div>\n\n\n\n<h4 class=\"wp-block-heading\">Gesch\u00e4ftsf\u00fchrender Vorstand<\/h4>\n\n\n\n<div style=\"height:20px\" aria-hidden=\"true\" class=\"wp-block-spacer\"><\/div>\n\n\n<div class=\"wp-block-image is-style-rounded\">\n<figure class=\"alignleft size-thumbnail\"><img loading=\"lazy\" decoding=\"async\" width=\"150\" height=\"150\" src=\"https:\/\/scubi.stade.net\/wp-content\/uploads\/2025\/03\/Thomas-150x150.png\" alt=\"\" class=\"wp-image-1937\" srcset=\"https:\/\/scubi.stade.net\/wp-content\/uploads\/2025\/03\/Thomas-150x150.png 150w, https:\/\/scubi.stade.net\/wp-content\/uploads\/2025\/03\/Thomas-300x300.png 300w, https:\/\/scubi.stade.net\/wp-content\/uploads\/2025\/03\/Thomas.png 380w\" sizes=\"auto, (max-width: 150px) 100vw, 150px\" \/><\/figure>\n<\/div>\n\n\n <p> <strong>1. Vorsitzender:<\/strong> Thomas H\u00f6ft <br>  <\/p> \n\n\n\n <p> <strong>Telefon: <\/strong>0170 230 1446 <br> <strong>E-Mail:<\/strong> <a href=\"mailto:thom.hoeft9@gmail.com\">thom.hoeft9@gmail.com<\/a> <\/p> \n\n\n\n<div style=\"height:105px\" aria-hidden=\"true\" class=\"wp-block-spacer\"><\/div>\n\n\n<div class=\"wp-block-image is-style-rounded\">\n<figure class=\"alignleft\"><img loading=\"lazy\" decoding=\"async\" width=\"150\" height=\"150\" src=\"https:\/\/scubi.stade.net\/wp-content\/uploads\/2019\/03\/Helge-150x150.png\" alt=\"\" class=\"wp-image-736\" srcset=\"https:\/\/scubi.stade.net\/wp-content\/uploads\/2019\/03\/Helge-150x150.png 150w, https:\/\/scubi.stade.net\/wp-content\/uploads\/2019\/03\/Helge-300x300.png 300w, https:\/\/scubi.stade.net\/wp-content\/uploads\/2019\/03\/Helge.png 500w\" sizes=\"auto, (max-width: 150px) 100vw, 150px\" \/><\/figure>\n<\/div>\n\n\n <p> <strong>Gesch\u00e4ftsf\u00fchrer:<\/strong> Helge M\u00fcller-Stosch <\/p> \n\n\n\n <p> <strong>Telefon: <\/strong>04141-4129100 <br> <strong>E-Mail:<\/strong> <a href=\"mailto:helge@mueller-stosch.de\">helge@mueller-stosch.de <br> <\/a>Helge ist auch einer unserer Tauchlehrer <span class=\"wp-font-emots-emo-happy\"><\/span> <\/p> \n\n\n\n<div style=\"height:105px\" aria-hidden=\"true\" class=\"wp-block-spacer\"><\/div>\n\n\n<div class=\"wp-block-image is-style-rounded\">\n<figure class=\"alignleft\"><img loading=\"lazy\" decoding=\"async\" width=\"150\" height=\"150\" src=\"https:\/\/scubi.stade.net\/wp-content\/uploads\/2019\/03\/Sandra-150x150.png\" alt=\"\" class=\"wp-image-716\" srcset=\"https:\/\/scubi.stade.net\/wp-content\/uploads\/2019\/03\/Sandra-150x150.png 150w, https:\/\/scubi.stade.net\/wp-content\/uploads\/2019\/03\/Sandra-300x300.png 300w, https:\/\/scubi.stade.net\/wp-content\/uploads\/2019\/03\/Sandra.png 470w\" sizes=\"auto, (max-width: 150px) 100vw, 150px\" \/><\/figure>\n<\/div>\n\n\n <p> <strong>Kassenwartin:<\/strong> Sandra Wichern <\/p> \n\n\n\n <p> <strong>E-Mail:<\/strong> <a href=\"mailto:swichern@yahoo.de\">swichern@yahoo.de<\/a> <\/p> \n\n\n\n<div style=\"height:70px\" aria-hidden=\"true\" class=\"wp-block-spacer\"><\/div>\n\n\n\n<h4 class=\"wp-block-heading\">Erweiterter Vorstand<\/h4>\n\n\n\n<div style=\"height:20px\" aria-hidden=\"true\" class=\"wp-block-spacer\"><\/div>\n\n\n<div class=\"wp-block-image is-style-rounded\">\n<figure class=\"alignleft size-thumbnail is-resized\"><img loading=\"lazy\" decoding=\"async\" width=\"150\" height=\"150\" src=\"https:\/\/scubi.stade.net\/wp-content\/uploads\/2024\/05\/Christoph-150x150.png\" alt=\"\" class=\"wp-image-1835\" style=\"width:150px;height:150px\" srcset=\"https:\/\/scubi.stade.net\/wp-content\/uploads\/2024\/05\/Christoph-150x150.png 150w, https:\/\/scubi.stade.net\/wp-content\/uploads\/2024\/05\/Christoph-300x300.png 300w, https:\/\/scubi.stade.net\/wp-content\/uploads\/2024\/05\/Christoph.png 669w\" sizes=\"auto, (max-width: 150px) 100vw, 150px\" \/><\/figure>\n<\/div>\n\n\n <p> <strong>Ausbildungswart:<\/strong> Christoph Schroeder <\/p> \n\n\n\n <p> <strong>E-Mail:<\/strong> <a href=\"mailto:christoph-schroeder98@web.de\">christoph-schroeder98@web.de<\/a> <\/p> \n\n\n\n<div style=\"height:105px\" aria-hidden=\"true\" class=\"wp-block-spacer\"><\/div>\n\n\n<div class=\"wp-block-image is-style-rounded\">\n<figure class=\"alignleft size-thumbnail is-resized\"><img loading=\"lazy\" decoding=\"async\" width=\"150\" height=\"150\" src=\"https:\/\/scubi.stade.net\/wp-content\/uploads\/2023\/03\/image0-150x150.jpeg\" alt=\"\" class=\"wp-image-1621\" style=\"width:150px;height:150px\" srcset=\"https:\/\/scubi.stade.net\/wp-content\/uploads\/2023\/03\/image0-150x150.jpeg 150w, https:\/\/scubi.stade.net\/wp-content\/uploads\/2023\/03\/image0-300x300.jpeg 300w, https:\/\/scubi.stade.net\/wp-content\/uploads\/2023\/03\/image0.jpeg 488w\" sizes=\"auto, (max-width: 150px) 100vw, 150px\" \/><\/figure>\n<\/div>\n\n\n <p> <strong>Jugendwart:<\/strong> Julian Beinl <\/p> \n\n\n\n <p> <strong>E-Mail:<\/strong> <a href=\"mailto:j.beinl@t-online.de\"><\/a><a href=\"mailto:Julian%20Beinl%20%3Cj.beinl%40t-online.de%3E\">j.beinl@t-online.de<\/a> <\/p> \n\n\n\n<div style=\"height:105px\" aria-hidden=\"true\" class=\"wp-block-spacer\"><\/div>\n\n\n<div class=\"wp-block-image is-style-rounded\">\n<figure class=\"alignleft size-thumbnail\"><img loading=\"lazy\" decoding=\"async\" width=\"150\" height=\"150\" src=\"https:\/\/scubi.stade.net\/wp-content\/uploads\/2025\/03\/PHOTO-2025-03-03-10-04-11-150x150.jpg\" alt=\"\" class=\"wp-image-1932\"\/><\/figure>\n<\/div>\n\n\n <p> <strong>Protokollf\u00fchrer\/Presse<\/strong>: Herbert Spaich <\/p> \n\n\n\n <p> <strong>E-Mail:<\/strong> <a href=\"mailto:herbert.spaich@filmspaicher.de\">herbert.spaich@filmspaicher.de<\/a> <\/p> \n\n\n\n<div style=\"height:105px\" aria-hidden=\"true\" class=\"wp-block-spacer\"><\/div>\n\n\n<div class=\"wp-block-image is-style-rounded\">\n<figure class=\"alignleft\"><img loading=\"lazy\" decoding=\"async\" width=\"150\" height=\"150\" src=\"https:\/\/scubi.stade.net\/wp-content\/uploads\/2016\/02\/NoPictureM-150x150.png\" alt=\"\" class=\"wp-image-474\"\/><\/figure>\n<\/div>\n\n\n <p> <strong>Materialwart:<\/strong> Ralf Tesmer <\/p> \n\n\n\n <p> <strong>E-Mail:<\/strong> <a href=\"mailto:ralf.tesmer@web.de\">ralf.tesmer@web.de<\/a> <\/p> \n","protected":false},"excerpt":{"rendered":" <p> Hauptansprechpartner bei Fragen sind Thomas und Helge, ihr k\u00f6nnt Euch aber auch gerne an jeden anderen aus dem Vorstand wenden. Hier ist die Truppe: Gesch\u00e4ftsf\u00fchrender Vorstand 1. Vorsitzender: Thomas H\u00f6ft Telefon: 0170 230 1446 E-Mail: thom.hoeft9@gmail.com Gesch\u00e4ftsf\u00fchrer: Helge M\u00fcller-Stosch Telefon: 04141-4129100 E-Mail: helge@mueller-stosch.de Helge ist auch einer unserer Tauchlehrer Kassenwartin: Sandra Wichern E-Mail: swichern@yahoo.de Erweiterter [&hellip;] <\/p> \n","protected":false},"author":10,"featured_media":0,"parent":22,"menu_order":0,"comment_status":"closed","ping_status":"closed","template":"","meta":{"inline_featured_image":false,"footnotes":""},"class_list":["post-47","page","type-page","status-publish","hentry"],"_links":{"self":[{"href":"https:\/\/scubi.stade.net\/index.php?rest_route=\/wp\/v2\/pages\/47","targetHints":{"allow":["GET"]}}],"collection":[{"href":"https:\/\/scubi.stade.net\/index.php?rest_route=\/wp\/v2\/pages"}],"about":[{"href":"https:\/\/scubi.stade.net\/index.php?rest_route=\/wp\/v2\/types\/page"}],"author":[{"embeddable":true,"href":"https:\/\/scubi.stade.net\/index.php?rest_route=\/wp\/v2\/users\/10"}],"replies":[{"embeddable":true,"href":"https:\/\/scubi.stade.net\/index.php?rest_route=%2Fwp%2Fv2%2Fcomments&post=47"}],"version-history":[{"count":88,"href":"https:\/\/scubi.stade.net\/index.php?rest_route=\/wp\/v2\/pages\/47\/revisions"}],"predecessor-version":[{"id":2278,"href":"https:\/\/scubi.stade.net\/index.php?rest_route=\/wp\/v2\/pages\/47\/revisions\/2278"}],"up":[{"embeddable":true,"href":"https:\/\/scubi.stade.net\/index.php?rest_route=\/wp\/v2\/pages\/22"}],"wp:attachment":[{"href":"https:\/\/scubi.stade.net\/index.php?rest_route=%2Fwp%2Fv2%2Fmedia&parent=47"}],"curies":[{"name":"wp","href":"https:\/\/api.w.org\/{rel}","templated":true}]}}