{"id":58,"date":"2016-02-08T21:37:34","date_gmt":"2016-02-08T20:37:34","guid":{"rendered":"http:\/\/scubi.stade.net\/?page_id=58"},"modified":"2026-03-24T10:38:54","modified_gmt":"2026-03-24T09:38:54","slug":"schnuppertauchen","status":"publish","type":"page","link":"https:\/\/scubi.stade.net\/?page_id=58","title":{"rendered":"Schnuppertauchen"},"content":{"rendered":"\n <p> Jeder, der sich f\u00fcr Tauchen interessiert und es einmal ausprobieren m\u00f6chte, kann dies bei der Tauchsportgemeinschaft tun. Mitbringen m\u00fcsst ihr daf\u00fcr nur Badesachen. <\/p> \n\n\n\n <p> Bitte vorher mit dem Ausbildungswart <a href=\"mailto:christoph-schroeder98@web.de\">Christoph Schroeder<\/a> per E-Mail in Kontakt treten, um einen Termin auszumachen. Die gesamte Ausr\u00fcstung f\u00fcr euch ist bei uns vorhanden und ist, wie die n\u00f6tige Pressluft, in der <strong>25\u20ac Pauschale<\/strong> f\u00fcr das Schnuppertauchen bereits enthalten. Diese Pauschale enth\u00e4lt auch das reinigen und desinfizieren der Ausr\u00fcstung nach dem Schnuppern. Wenn nach dem Schnuppertauchen ein Kurs bei uns gebucht wird, werden <strong>20\u20ac<\/strong> des Schnuppertauchens daf\u00fcr angerechnet. <\/p> \n\n\n\n <p> Da Ger\u00e4tetauchen immer eine Belastung f\u00fcr den K\u00f6rper darstellt, ben\u00f6tigen wir vor dem Schnuppertauchen eine Auskunft \u00fcber euren medizinischen Status. Hierzu gibt es ein entsprechendes Formular auf unserer <a href=\"https:\/\/scubi.stade.net\/?page_id=34\">Download<\/a> Seite. <strong>Wenn ihr eine der dort aufgelisteten Fragen mit Ja beantwortet, solltet ihr vor dem Schnuppertauchen \u00e4rztlichen Rat einholen<\/strong>. Bei weiteren Fragen zur medizinischen Selbstauskunft k\u00f6nnt ihr euch ebenfalls gerne an ein <a href=\"https:\/\/scubi.stade.net\/?page_id=47\">Vorstandsmitglied<\/a> wenden. <\/p> \n","protected":false},"excerpt":{"rendered":" <p> Jeder, der sich f\u00fcr Tauchen interessiert und es einmal ausprobieren m\u00f6chte, kann dies bei der Tauchsportgemeinschaft tun. Mitbringen m\u00fcsst ihr daf\u00fcr nur Badesachen. Bitte vorher mit dem Ausbildungswart Christoph Schroeder per E-Mail in Kontakt treten, um einen Termin auszumachen. Die gesamte Ausr\u00fcstung f\u00fcr euch ist bei uns vorhanden und ist, wie die n\u00f6tige Pressluft, in [&hellip;] <\/p> \n","protected":false},"author":10,"featured_media":0,"parent":25,"menu_order":0,"comment_status":"closed","ping_status":"closed","template":"","meta":{"inline_featured_image":false,"footnotes":""},"class_list":["post-58","page","type-page","status-publish","hentry"],"_links":{"self":[{"href":"https:\/\/scubi.stade.net\/index.php?rest_route=\/wp\/v2\/pages\/58","targetHints":{"allow":["GET"]}}],"collection":[{"href":"https:\/\/scubi.stade.net\/index.php?rest_route=\/wp\/v2\/pages"}],"about":[{"href":"https:\/\/scubi.stade.net\/index.php?rest_route=\/wp\/v2\/types\/page"}],"author":[{"embeddable":true,"href":"https:\/\/scubi.stade.net\/index.php?rest_route=\/wp\/v2\/users\/10"}],"replies":[{"embeddable":true,"href":"https:\/\/scubi.stade.net\/index.php?rest_route=%2Fwp%2Fv2%2Fcomments&post=58"}],"version-history":[{"count":27,"href":"https:\/\/scubi.stade.net\/index.php?rest_route=\/wp\/v2\/pages\/58\/revisions"}],"predecessor-version":[{"id":2280,"href":"https:\/\/scubi.stade.net\/index.php?rest_route=\/wp\/v2\/pages\/58\/revisions\/2280"}],"up":[{"embeddable":true,"href":"https:\/\/scubi.stade.net\/index.php?rest_route=\/wp\/v2\/pages\/25"}],"wp:attachment":[{"href":"https:\/\/scubi.stade.net\/index.php?rest_route=%2Fwp%2Fv2%2Fmedia&parent=58"}],"curies":[{"name":"wp","href":"https:\/\/api.w.org\/{rel}","templated":true}]}}