{"id":67,"date":"2016-02-08T21:39:51","date_gmt":"2016-02-08T20:39:51","guid":{"rendered":"http:\/\/scubi.stade.net\/?page_id=67"},"modified":"2023-04-19T16:28:54","modified_gmt":"2023-04-19T14:28:54","slug":"events","status":"publish","type":"page","link":"https:\/\/scubi.stade.net\/?page_id=67","title":{"rendered":"Terminkalender"},"content":{"rendered":"\n <p> Hier k\u00f6nnt ihr euch \u00fcber aktuelle und zuk\u00fcnftige Events des Vereins informieren: <\/p> \n\n\n<ul  class=\"eo-events eo-events-shortcode\"><li class=\"eo-event-venue-auruestungs-garage eo-event-cat-fuelltermin eo-event-future\"><span style=\"color: #000000; font-family: Verdana, Arial, Helvetica, sans-serif; font-size: small;\">08.05.2026  18:00 <a href=\"https:\/\/scubi.stade.net\/?event=flaschen-fuellen-fuer-vereinsmitglieder\">Flaschen f\u00fcllen f\u00fcr Vereinsmitglieder<\/a> Aur\u00fcstungs Garage<\/span><\/li><li class=\"eo-event-venue-solemio-erlebnis-und-solebad eo-event-cat-training eo-event-future\"><span style=\"color: #000000; font-family: Verdana, Arial, Helvetica, sans-serif; font-size: small;\">10.05.2026  17:45 <a href=\"https:\/\/scubi.stade.net\/?event=training\">Training<\/a> Solemio Erlebnis- und Solebad<\/span><\/li><li class=\"eo-event-venue-kreidesee-hemmoor eo-event-cat-tradition eo-event-tag-weihnachten eo-event-future\"><span style=\"color: #000000; font-family: Verdana, Arial, Helvetica, sans-serif; font-size: small;\">24.12.2026  09:00 <a href=\"https:\/\/scubi.stade.net\/?event=weihnachtstauchen\">Weihnachtstauchen<\/a> Kreidesee Hemmoor<\/span><\/li><\/ul>\n\n\n\n<div style=\"height:40px\" aria-hidden=\"true\" class=\"wp-block-spacer\"><\/div>\n\n\n\n<div id=\"eo_fullcalendar_1_loading\" class=\"eo-fullcalendar-loading\" ><img decoding=\"async\" src=\"https:\/\/scubi.stade.net\/wp-content\/plugins\/event-organiser\/css\/images\/loading-image.gif\" class=\"eo-fullcalendar-loading-icon\" alt=\"Laden&#8230;\" \/> Laden&#8230;<\/div><div class=\"eo-fullcalendar eo-fullcalendar-shortcode eo-fullcalendar-reset eo-fullcalendar-responsive\" id=\"eo_fullcalendar_1\"><\/div>\n\n\n\n <p> Einen iCAL feed um immer auf dem laufenden zu bleiben findet ihr unter: <a href=\"https:\/\/scubi.stade.net\/?feed=eo-events\">https:\/\/scubi.stade.net\/?feed=eo-events<\/a> <\/p> \n","protected":false},"excerpt":{"rendered":" <p> Hier k\u00f6nnt ihr euch \u00fcber aktuelle und zuk\u00fcnftige Events des Vereins informieren: Einen iCAL feed um immer auf dem laufenden zu bleiben findet ihr unter: https:\/\/scubi.stade.net\/?feed=eo-events <\/p> \n","protected":false},"author":10,"featured_media":0,"parent":25,"menu_order":0,"comment_status":"closed","ping_status":"closed","template":"","meta":{"inline_featured_image":false,"footnotes":""},"class_list":["post-67","page","type-page","status-publish","hentry"],"_links":{"self":[{"href":"https:\/\/scubi.stade.net\/index.php?rest_route=\/wp\/v2\/pages\/67","targetHints":{"allow":["GET"]}}],"collection":[{"href":"https:\/\/scubi.stade.net\/index.php?rest_route=\/wp\/v2\/pages"}],"about":[{"href":"https:\/\/scubi.stade.net\/index.php?rest_route=\/wp\/v2\/types\/page"}],"author":[{"embeddable":true,"href":"https:\/\/scubi.stade.net\/index.php?rest_route=\/wp\/v2\/users\/10"}],"replies":[{"embeddable":true,"href":"https:\/\/scubi.stade.net\/index.php?rest_route=%2Fwp%2Fv2%2Fcomments&post=67"}],"version-history":[{"count":46,"href":"https:\/\/scubi.stade.net\/index.php?rest_route=\/wp\/v2\/pages\/67\/revisions"}],"predecessor-version":[{"id":1671,"href":"https:\/\/scubi.stade.net\/index.php?rest_route=\/wp\/v2\/pages\/67\/revisions\/1671"}],"up":[{"embeddable":true,"href":"https:\/\/scubi.stade.net\/index.php?rest_route=\/wp\/v2\/pages\/25"}],"wp:attachment":[{"href":"https:\/\/scubi.stade.net\/index.php?rest_route=%2Fwp%2Fv2%2Fmedia&parent=67"}],"curies":[{"name":"wp","href":"https:\/\/api.w.org\/{rel}","templated":true}]}}